{"id":2215,"date":"2024-07-04T15:30:20","date_gmt":"2024-07-04T07:30:20","guid":{"rendered":"https:\/\/ambulaanbaatar.esteri.it\/?page_id=2215"},"modified":"2026-02-23T16:16:14","modified_gmt":"2026-02-23T08:16:14","slug":"cie","status":"publish","type":"page","link":"https:\/\/ambulaanbaatar.esteri.it\/it\/servizi-consolari-e-visti\/servizi-per-il-cittadino-italiano\/cie\/","title":{"rendered":"Carta d\u2019Identit\u00e0 Elettronica (CIE)"},"content":{"rendered":"<p><strong>Carta d\u2019Identit\u00e0 Elettronica (CIE)<\/strong><\/p>\n<p>La nuova Carta di identit\u00e0 Elettronica \u00e8 un documento multifunzionale emesso dal Ministero dell\u2019Interno e prodotto dal Poligrafico e Zecca dello Stato: attesta l\u2019identit\u00e0 del cittadino; \u00e8 un documento di viaggio valido per spostarsi nei paesi dell\u2019Unione Europea e in altri Stati con cui sono in vigore specifici accordi; riporta il codice fiscale e si pu\u00f2 utilizzare per richiedere un\u2019identit\u00e0 sul sistema\u00a0<a href=\"https:\/\/www.spid.gov.it\/\"><strong>SPID<\/strong>\u00a0<\/a>(Sistema Pubblico di Identit\u00e0 Digitale) con cui accedere ai Servizi erogati dalle Pubbliche Amministrazioni Italiane.<\/p>\n<p>Dall\u2019entrata in vigore della Legge n. 11\/2026, per quanto riguarda le disposizioni in materia di Carte di Identit\u00e0, la novit\u00e0 pi\u00f9 importante riguarda la possibilit\u00e0 per il cittadino iscritto all\u2019Anagrafe degli Italiani Residenti all\u2019Estero (AIRE) \u2013 a decorrere dal 1\u00b0 giugno 2026 \u2013 di presentare domanda per il rilascio della carta d&#8217;identit\u00e0 elettronica presso qualsiasi Comune italiano. La carta d\u2019identit\u00e0 sar\u00e0 consegnata con le medesime modalit\u00e0 previste in caso di domanda presentata tramite l\u2019Ufficio consolare, con facolt\u00e0 per l\u2019interessato di ritirarla personalmente presso il Comune ovvero di richiederne la spedizione all\u2019estero.<\/p>\n<ol>\n<li><strong>Validit\u00e0 temporale<\/strong><\/li>\n<\/ol>\n<p>La validit\u00e0 della carta d\u2019identit\u00e0 varia a seconda dell\u2019et\u00e0 del titolare:<\/p>\n<ul>\n<li>3 anni per i minori di et\u00e0 inferiore a 3 anni;<\/li>\n<li>5 anni per i minori di et\u00e0 compresa tra i 3 e i 18 anni;<\/li>\n<li>10 anni per i maggiorenni.<\/li>\n<\/ul>\n<p>Per tutte le altre informazioni si prega di consultare il sito del MAECI al seguente <a href=\"https:\/\/www.esteri.it\/it\/servizi-consolari-e-visti\/italiani-all-estero\/documenti_di_viaggio\/carta_identita\/\">link.<\/a><\/p>\n<p><strong>Approfondimenti<\/strong><\/p>\n<p><a href=\"https:\/\/www.esteri.it\/it\/servizi-consolari-e-visti\/normativa_consolare\/serviziconsolari\/documenti_di_viaggio\/cartaidentita\/\">Riferimenti Normativi<\/a><\/p>\n<p><a href=\"https:\/\/www.cartaidentita.interno.gov.it\/\">Portale Carta di identit\u00e0 elettronica <\/a><\/p>\n<p><a href=\"https:\/\/www.esteri.it\/mae\/resource\/doc\/2019\/09\/form1_-_atto_di_assenso_in_favore_dei_figli_minori.docx\">CIE &#8211; Modello atto di assenso in favore dei figli minori\u00a0<\/a><\/p>\n<p><a href=\"https:\/\/www.esteri.it\/wp-content\/uploads\/2024\/03\/CIE_-Modello-_richiesta-maggiorenne.docx\">CIE &#8211;\u00a0 Modello richiesta maggiorenne<\/a><\/p>\n<p><a href=\"https:\/\/www.esteri.it\/wp-content\/uploads\/2024\/03\/CIE_-Modello_richiesta_minori.docx\">CIE &#8211;\u00a0 Modello richiesta minori <\/a><\/p>\n<p><strong>Link Utili<\/strong><\/p>\n<p><a href=\"https:\/\/www.esteri.it\/it\/sportello_info\/\">Ufficio relazioni con il pubblico<\/a><\/p>\n<p><a href=\"http:\/\/www.viaggiaresicuri.it\/\">Viaggiare sicuri<\/a><\/p>\n<p><a href=\"https:\/\/www.dovesiamonelmondo.it\/\">Dove siamo nel mondo<\/a><\/p>\n<p><a href=\"http:\/\/www.interno.it\/mininterno\/export\/sites\/default\/it\/temi\/servizi_demografici\/scheda_006.html\">Ministero dell\u2019Interno \u2013 Carta d\u2019identit\u00e0 elettronica<\/a><\/p>\n<p><a href=\"https:\/\/www.esteri.it\/it\/ministero\/struttura\/laretediplomatica\/\">Rete uffici italiani all&#8217;estero<\/a><\/p>\n<p><a href=\"https:\/\/www.esteri.it\/it\/servizi-consolari-e-visti\/italiani-all-estero\/rapprstraniere\/\">Rappresentanze straniere in Italia<\/a><\/p>\n","protected":false},"excerpt":{"rendered":"Carta d\u2019Identit\u00e0 Elettronica (CIE) La nuova Carta di identit\u00e0 Elettronica \u00e8 un documento multifunzionale emesso dal Ministero dell\u2019Interno e prodotto dal Poligrafico e Zecca dello Stato: attesta l\u2019identit\u00e0 del cittadino; \u00e8 un documento di viaggio valido per spostarsi nei paesi dell\u2019Unione Europea e in altri Stati con cui sono in vigore specifici accordi; riporta il [&hellip;]","protected":false},"author":8,"featured_media":0,"parent":47,"menu_order":10,"comment_status":"closed","ping_status":"closed","template":"","meta":{"footnotes":""},"class_list":["post-2215","page","type-page","status-publish","hentry"],"_links":{"self":[{"href":"https:\/\/ambulaanbaatar.esteri.it\/it\/wp-json\/wp\/v2\/pages\/2215","targetHints":{"allow":["GET"]}}],"collection":[{"href":"https:\/\/ambulaanbaatar.esteri.it\/it\/wp-json\/wp\/v2\/pages"}],"about":[{"href":"https:\/\/ambulaanbaatar.esteri.it\/it\/wp-json\/wp\/v2\/types\/page"}],"author":[{"embeddable":true,"href":"https:\/\/ambulaanbaatar.esteri.it\/it\/wp-json\/wp\/v2\/users\/8"}],"replies":[{"embeddable":true,"href":"https:\/\/ambulaanbaatar.esteri.it\/it\/wp-json\/wp\/v2\/comments?post=2215"}],"version-history":[{"count":6,"href":"https:\/\/ambulaanbaatar.esteri.it\/it\/wp-json\/wp\/v2\/pages\/2215\/revisions"}],"predecessor-version":[{"id":5175,"href":"https:\/\/ambulaanbaatar.esteri.it\/it\/wp-json\/wp\/v2\/pages\/2215\/revisions\/5175"}],"up":[{"embeddable":true,"href":"https:\/\/ambulaanbaatar.esteri.it\/it\/wp-json\/wp\/v2\/pages\/47"}],"wp:attachment":[{"href":"https:\/\/ambulaanbaatar.esteri.it\/it\/wp-json\/wp\/v2\/media?parent=2215"}],"curies":[{"name":"wp","href":"https:\/\/api.w.org\/{rel}","templated":true}]}}