{"id":49,"date":"2023-04-11T18:13:11","date_gmt":"2023-04-11T16:13:11","guid":{"rendered":"https:\/\/ambasciatapraga.esteri.it\/?page_id=49"},"modified":"2024-07-17T10:21:50","modified_gmt":"2024-07-17T02:21:50","slug":"passaporti-e-carte-didentita","status":"publish","type":"page","link":"https:\/\/ambulaanbaatar.esteri.it\/it\/servizi-consolari-e-visti\/servizi-per-il-cittadino-italiano\/passaporti-e-carte-didentita\/","title":{"rendered":"Passaporti e Carte d\u2019identit\u00e0"},"content":{"rendered":"<p>Ai cittadini italiani nati all\u2019estero il passaporto, che \u00e8 un documento sia di viaggio che di riconoscimento, pu\u00f2 essere rilasciato solo dopo che il loro atto di nascita \u00e8 stato trascritto da un Comune Italiano e i relativi dati di trascrizione sono stati riportati nella apposita pagina del Sistema Integrato Funzioni Consolari (SIFC) in dotazione alle Sedi estere.<\/p>\n<p>Il passaporto viene rilasciato:<\/p>\n<ul>\n<li>in Italia dalle Questure;<\/li>\n<li>all&#8217;estero dalle Rappresentanze diplomatico-consolari.<\/li>\n<\/ul>\n<p>Ha validit\u00e0 di 10 anni, trascorsi i quali occorre richiedere un nuovo passaporto. Per informazioni generali sul rilascio dei passaporti all\u2019estero, sulle tipologie, e su cosa fare in caso di furto o smarrimento.<\/p>\n<p>&nbsp;<\/p>\n<p><strong>Richiesta di rilascio di un nuovo passaporto<\/strong><\/p>\n<p>La domanda di rilascio del passaporto, da formulare utilizzando il modello in fondo a questa pagina, deve essere presentata personalmente dal richiedente e deve essere corredata da:<\/p>\n<ul>\n<li>passaporto scaduto o valido per un periodo inferiore a 90 giorni dalla data di presentazione della richiesta o con pagine a disposizione esaurite;<\/li>\n<li>due fotografie recenti formato tessera, conformi alla Convenzione dell\u2019International Civil Aviation Organization (ICAO) &#8211; a colori, su fondo bianco, posizione frontale con fronte scoperta, senza occhiali.<\/li>\n<\/ul>\n<p>In base alla legge n. 89 del 2014,<strong>\u00a0il rilascio \u00e8 soggetto al pagamento del libretto (42.50 Euro) e di una tassa (73.50 Euro) per un totale di 116.00 Euro<\/strong>. Non esiste pi\u00f9 la tassa annuale.<\/p>\n<p>&nbsp;<\/p>\n<p><strong>Disposizioni riguardanti i passaporti da rilasciare ai minori d\u2019et\u00e0<\/strong><\/p>\n<p>Dal 26 giugno 2012, i minori sono tenuti ad avere un passaporto individuale. Non sono pi\u00f9 valide le iscrizioni dei minori sul passaporto dei genitori. I passaporti dei genitori con iscrizioni di figli minori rimangono validi per il solo genitore fino alla naturale scadenza del documento.<\/p>\n<p>Per i maggiori di 12 anni \u00e8 obbligatoria l\u2019acquisizione delle impronte digitali.<\/p>\n<p>La validit\u00e0 del passaporto \u00e8 differenziata in base all\u2019et\u00e0:<\/p>\n<ul>\n<li>3 anni per i minori da 0 a 3 anni;<\/li>\n<li>5 anni per i minori da 3 fino a 17 anni.<\/li>\n<\/ul>\n<p>Per il rilascio del passaporto in favore dei minori, occorre presentarsi in Cancelleria consolare con la seguente documentazione:<\/p>\n<ul>\n<li>una richiesta da formulare secondo il modello in fondo a questa pagina, firmata da: a) entrambi i genitori, oppure b) da uno dei genitori con atto di assenso dell\u2019altro, accompagnato dalla fotocopia di un documento d\u2019identit\u00e0;<\/li>\n<li>due fototessere conformi alla Convenzione dell\u2019International Civil Aviation Organization (ICAO) &#8211; a colori, su fondo bianco, posizione frontale con fronte scoperta, senza occhiali;<\/li>\n<li>certificato di nascita (se non \u00e8 mai stato trascritto nei registri di Stato Civile in Italia), munito di apostille e traduzione. Si ribadisce che il passaporto al minore nato all\u2019estero potr\u00e0 essere rilasciato solo dopo che il Comune italiano al quale \u00e8 stato trasmesso l\u2019atto di nascita avr\u00e0 comunicato alla rappresentanza diplomatico \u2013 consolare i dati relativi alla trascrizione;<\/li>\n<li>per l\u2019autentica della foto \u00e8 necessaria la presenza del minore.<\/li>\n<\/ul>\n<p><strong>Attenzione:<\/strong><\/p>\n<p>Si informa che i minori di et\u00e0 inferiore a 14 anni, prima di intraprendere un viaggio senza i genitori o\/senza gli esercenti la potest\u00e0 parentale, devono ottenere l&#8217;autorizzazione da parte dell\u2019Ufficio consolare competente.<\/p>\n<p>L\u2019autorizzazione verr\u00e0 rilasciata sulla base della dichiarazione di accompagnamento dei genitori o degli esercenti la potest\u00e0, e recher\u00e0 il nome della persona o della ditta o compagnia aerea a cui i minori verranno affidati per il viaggio. La dichiarazione va firmata in presenza del funzionario consolare da entrambi i genitori o da chi esercita la patria potest\u00e0. La dichiarazione di accompagnamento e l\u2019autorizzazione sono valide per un solo viaggio di andata e ritorno. In caso di adeguate motivazioni (cure mediche, studio) la loro validit\u00e0 pu\u00f2 essere consentita per un massimo di 6 mesi.<\/p>\n<p>&nbsp;<\/p>\n<p><strong>Passaporti rubati o smarriti<\/strong><\/p>\n<p>Coloro che abbiano subito un furto o il cui passaporto sia stato rubato o smarrito, dopo aver fatto regolare denuncia alle autorit\u00e0 di polizia mongole (alla stazione di polizia pi\u00f9 vicina) potranno richiedere l\u2019emissione di un nuovo passaporto (per i residenti in Mongolia) o di un\u00a0<em>emergency travel document ETD<\/em>\u00a0(per quanti sono in Mongolia per un breve soggiorno turistico o di affari).<\/p>\n<p><strong>Attenzione:<\/strong><\/p>\n<p>&#8211; i residenti, a seguito del rilascio di un nuovo passaporto, dovranno recarsi presso l\u2019Ufficio Immigrazione della Mongolia per riportare sul nuovo passaporto i dati della carta di soggiorno sul nuovo passaporto.<\/p>\n<p>&#8211; i connazionali in Mongolia per viaggio che ricevono un nuovo passaporto o un emergency travel document, al fine di poter<br \/>\nlasciare la Mongolia dovranno registrarsi presso l\u2019Ufficio Immigrazione della Mongolia prima della partenza<\/p>\n<p>&nbsp;<\/p>\n<p><strong>PERCEZIONE CONSOLARE:<\/strong><\/p>\n<p>Il rilascio del passaporto \u00e8 soggetto al pagamento del libretto (73.50 euro) e di un contributo amministrativo (42.50 Euro) per un totale di 116.00 euro. Non esiste pi\u00f9 la tassa annuale.<\/p>\n<p>L\u2019Emergency Travel Document ha un costo di 1.55 euro<\/p>\n<p>Gli importi sopraindicati sono pagati in contanti in moneta locale.<\/p>\n","protected":false},"excerpt":{"rendered":"Ai cittadini italiani nati all\u2019estero il passaporto, che \u00e8 un documento sia di viaggio che di riconoscimento, pu\u00f2 essere rilasciato solo dopo che il loro atto di nascita \u00e8 stato trascritto da un Comune Italiano e i relativi dati di trascrizione sono stati riportati nella apposita pagina del Sistema Integrato Funzioni Consolari (SIFC) in dotazione [&hellip;]","protected":false},"author":1,"featured_media":0,"parent":47,"menu_order":0,"comment_status":"closed","ping_status":"closed","template":"","meta":{"footnotes":""},"class_list":["post-49","page","type-page","status-publish","hentry"],"_links":{"self":[{"href":"https:\/\/ambulaanbaatar.esteri.it\/it\/wp-json\/wp\/v2\/pages\/49","targetHints":{"allow":["GET"]}}],"collection":[{"href":"https:\/\/ambulaanbaatar.esteri.it\/it\/wp-json\/wp\/v2\/pages"}],"about":[{"href":"https:\/\/ambulaanbaatar.esteri.it\/it\/wp-json\/wp\/v2\/types\/page"}],"author":[{"embeddable":true,"href":"https:\/\/ambulaanbaatar.esteri.it\/it\/wp-json\/wp\/v2\/users\/1"}],"replies":[{"embeddable":true,"href":"https:\/\/ambulaanbaatar.esteri.it\/it\/wp-json\/wp\/v2\/comments?post=49"}],"version-history":[{"count":4,"href":"https:\/\/ambulaanbaatar.esteri.it\/it\/wp-json\/wp\/v2\/pages\/49\/revisions"}],"predecessor-version":[{"id":2444,"href":"https:\/\/ambulaanbaatar.esteri.it\/it\/wp-json\/wp\/v2\/pages\/49\/revisions\/2444"}],"up":[{"embeddable":true,"href":"https:\/\/ambulaanbaatar.esteri.it\/it\/wp-json\/wp\/v2\/pages\/47"}],"wp:attachment":[{"href":"https:\/\/ambulaanbaatar.esteri.it\/it\/wp-json\/wp\/v2\/media?parent=49"}],"curies":[{"name":"wp","href":"https:\/\/api.w.org\/{rel}","templated":true}]}}