{"id":69,"date":"2023-04-11T18:18:20","date_gmt":"2023-04-11T16:18:20","guid":{"rendered":"https:\/\/ambasciatapraga.esteri.it\/?page_id=69"},"modified":"2024-06-13T12:05:05","modified_gmt":"2024-06-13T04:05:05","slug":"assistenza-ai-cittadini-allestero","status":"publish","type":"page","link":"https:\/\/ambulaanbaatar.esteri.it\/it\/servizi-consolari-e-visti\/servizi-per-il-cittadino-italiano\/assistenza-ai-cittadini-allestero\/","title":{"rendered":"Assistenza ai cittadini all&#8217;estero"},"content":{"rendered":"<div class=\"entry-content\">\n<p style=\"text-align: center;\"><a href=\"https:\/\/www.esteri.it\/it\/servizi-consolari-e-visti\/italiani-all-estero\/assistenzacittadiniestero\/\" data-focus-mouse=\"false\">Clicca qui per informazioni generali sull\u2019Assistenza Consolare ai cittadini all\u2019estero<\/a><\/p>\n<p style=\"text-align: justify;\">\n<p style=\"text-align: justify;\"><strong>RIMPATRI SANITARI e RIMPATRIO SALME O CENERI<br \/>\n<\/strong><\/p>\n<p style=\"text-align: justify;\">Un settore particolarmente delicato dell\u2019attivit\u00e0 di assistenza ai cittadini italiani all\u2019estero riguarda il rimpatrio dei connazionali che si trovino in Paesi stranieri in situazioni di gravi difficolt\u00e0, non superabili in loco. Gli interventi della Farnesina, in collaborazione con gli enti territorialmente competenti (Prefetture, Questure, Comuni, Unit\u00e0 Sanitarie Locali, Servizi Sociali), riguardano:<\/p>\n<p style=\"text-align: justify;\">\u2022 connazionali emigrati, che si trovano nella necessit\u00e0 di rientrare in Italia in via definitiva per motivi economici o sanitari;<br \/>\n\u2022 minori in stato di abbandono;<br \/>\n\u2022 malati di mente (la procedura in questo caso \u00e8 assai complessa, perch\u00e9 richiede la presenza di uno o pi\u00f9 accompagnatori qualificati, nonch\u00e9 il reperimento di ospedali specializzati);<br \/>\n\u2022 cittadini italiani al termine della detenzione o espulsi;<br \/>\n\u2022 anziani soli per i quali viene richiesto il ricovero in case di riposo in Italia;<br \/>\n\u2022 ammalati gravi che non possono essere curati in loco per mancanza di idonee strutture.<br \/>\nI rimpatri a carico dell\u2019Erario sono limitati ai casi di comprovata indigenza verificati dalla rete diplomatico-consolare; in tutti gli altri casi il rimpatrio avviene previa sottoscrizione di prestiti con promessa di restituzione all\u2019Erario.<\/p>\n<p style=\"text-align: justify;\">\n<p style=\"text-align: justify;\"><strong>RIMPATRIO DELLE SALME O DELLE CENERI<\/strong><\/p>\n<p style=\"text-align: justify;\">Perdere una persona cara \u00e8 sempre motivo di grande dolore, ma se questo dovesse succedere all\u2019estero, al dolore si aggiunge la necessit\u00e0 di risolvere alcune questioni pratiche. Qui di seguito le indicazioni relative alla soluzione di tali questioni.<br \/>\nPer il rimpatrio della salma, una volta contattato il Consolato Generale d\u2019Italia a Chongqing, verr\u00e0 inoltrata una richiesta al competente Comune italiano per ottenere il \u201cnulla osta all\u2019introduzione della salma\u201d. Avuto il \u201cnulla osta\u201d dal Comune, l\u2019agenzia di pompe funebri potr\u00e0 procedere al rimpatrio.<br \/>\nSi raccomanda di segnalare immediatamente al Consolato l\u2019eventuale esistenza di una polizza assicurativa stipulata dal defunto.<br \/>\n\u00c8 peraltro possibile rivolgersi alle Regioni ed agli enti locali per eventuali rimborsi o richieste di assistenza.<br \/>\nPer ulteriori informazioni contattare direttamente l\u2019Ufficio Consolare.<\/p>\n<p style=\"text-align: justify;\">\n<p style=\"text-align: justify;\"><strong>RIMPATRI SANITARI E ASSISTENZA ECONOMICA<\/strong><\/p>\n<p style=\"text-align: justify;\">Clicca sui seguenti link per informazioni generali su:<\/p>\n<p style=\"text-align: justify;\"><a href=\"https:\/\/www.esteri.it\/it\/servizi-consolari-e-visti\/italiani-all-estero\/assistenzacittadiniestero\/rimpatrio-sanitario\/\" data-focus-mouse=\"false\">Rimpatri Sanitari<\/a><br \/>\n<a href=\"https:\/\/www.esteri.it\/it\/servizi-consolari-e-visti\/italiani-all-estero\/assistenzacittadiniestero\/assistenza_economica\/\" data-focus-mouse=\"false\">Assistenza Economica<\/a><\/p>\n<p style=\"text-align: justify;\">PROTEZIONE CONSOLARE<\/p>\n<p style=\"text-align: justify;\">Clicca sui seguenti link per informazioni generali su:<\/p>\n<p style=\"text-align: justify;\"><a href=\"https:\/\/www.esteri.it\/it\/servizi-consolari-e-visti\/italiani-all-estero\/assistenzacittadiniestero\/assistenza_legale\/\">Assistenza Legale<\/a><br \/>\n<a href=\"https:\/\/www.esteri.it\/it\/servizi-consolari-e-visti\/italiani-all-estero\/assistenzacittadiniestero\/assistenza_detenuti\" data-focus-mouse=\"false\">Assistenza ai Detenuti<\/a><br \/>\n<a class=\"\" href=\"https:\/\/www.esteri.it\/it\/servizi-consolari-e-visti\/italiani-all-estero\/assistenzacittadiniestero\/ricerche_connazionali\/\" data-focus-mouse=\"false\">Assistenza nella ricerca di connazionali<\/a><\/p>\n<\/div>\n","protected":false},"excerpt":{"rendered":"Clicca qui per informazioni generali sull\u2019Assistenza Consolare ai cittadini all\u2019estero RIMPATRI SANITARI e RIMPATRIO SALME O CENERI Un settore particolarmente delicato dell\u2019attivit\u00e0 di assistenza ai cittadini italiani all\u2019estero riguarda il rimpatrio dei connazionali che si trovino in Paesi stranieri in situazioni di gravi difficolt\u00e0, non superabili in loco. Gli interventi della Farnesina, in collaborazione con [&hellip;]","protected":false},"author":1,"featured_media":0,"parent":47,"menu_order":6,"comment_status":"closed","ping_status":"closed","template":"","meta":{"footnotes":""},"class_list":["post-69","page","type-page","status-publish","hentry"],"_links":{"self":[{"href":"https:\/\/ambulaanbaatar.esteri.it\/it\/wp-json\/wp\/v2\/pages\/69","targetHints":{"allow":["GET"]}}],"collection":[{"href":"https:\/\/ambulaanbaatar.esteri.it\/it\/wp-json\/wp\/v2\/pages"}],"about":[{"href":"https:\/\/ambulaanbaatar.esteri.it\/it\/wp-json\/wp\/v2\/types\/page"}],"author":[{"embeddable":true,"href":"https:\/\/ambulaanbaatar.esteri.it\/it\/wp-json\/wp\/v2\/users\/1"}],"replies":[{"embeddable":true,"href":"https:\/\/ambulaanbaatar.esteri.it\/it\/wp-json\/wp\/v2\/comments?post=69"}],"version-history":[{"count":2,"href":"https:\/\/ambulaanbaatar.esteri.it\/it\/wp-json\/wp\/v2\/pages\/69\/revisions"}],"predecessor-version":[{"id":1922,"href":"https:\/\/ambulaanbaatar.esteri.it\/it\/wp-json\/wp\/v2\/pages\/69\/revisions\/1922"}],"up":[{"embeddable":true,"href":"https:\/\/ambulaanbaatar.esteri.it\/it\/wp-json\/wp\/v2\/pages\/47"}],"wp:attachment":[{"href":"https:\/\/ambulaanbaatar.esteri.it\/it\/wp-json\/wp\/v2\/media?parent=69"}],"curies":[{"name":"wp","href":"https:\/\/api.w.org\/{rel}","templated":true}]}}