{"id":74,"date":"2023-04-11T18:20:09","date_gmt":"2023-04-11T16:20:09","guid":{"rendered":"https:\/\/ambasciatapraga.esteri.it\/?page_id=74"},"modified":"2025-02-20T16:51:39","modified_gmt":"2025-02-20T08:51:39","slug":"autoveicoli-e-patenti-di-guida","status":"publish","type":"page","link":"https:\/\/ambulaanbaatar.esteri.it\/it\/servizi-consolari-e-visti\/servizi-per-il-cittadino-italiano\/autoveicoli-e-patenti-di-guida\/","title":{"rendered":"Autoveicoli e Patenti di guida"},"content":{"rendered":"<p>L\u2019Ufficio Consolare dell\u2019Ambasciata d\u2019Italia a Ulaanbaatar in base al circolare del Ministero dei Trasporti n.107 del 14 ottobre 1997, provvede al rinnovo delle patenti di guida degli cittadini italiani iscritti AIRE (Anagrafe Italiani Residenti Estero) di questa Ambasciata da almeno SEI (6) MESI. Non \u00e8 invece possibile richiedere il rilascio della patente. La procedura non \u00e8 prevista per i soggetti affetti da diabete e per chi deve rinnovare la patente presso una commissione medica locale (come previsto dall&#8217;art.126 comma 5 bis del Codice della strada, introdotto dal Decreto legge n.151\/2003).<\/p>\n<p>Il rinnovo \u00e8 consentito purch\u00e9\u2019 i documenti di guida non siano scaduti da oltre cinque (5) anni. La validit\u00e0 della patente rinnovata decorre dalla data del certificato medico rilasciato dal medico di fiducia del Ambasciata, da redigere sulla base del modulo fornito dal Ministero dei trasporti. Resta inteso che l\u2019incombenza sia di prenotare la visita medica sia di corrispondere direttamente al sanitario l\u2019onorario dovuto sar\u00e0 a carico dei connazionali interessati.<\/p>\n<p>1. Dottor Jacobus Hugo<br \/>\n<em>(Clinica SOS Medica Mongolia)<\/em><br \/>\nTelefono: +976-11-464325<br \/>\nCellulare: +976-99110335<\/p>\n<p>2. Dott.ssa Urantuya Bayanjargal<br \/>\n<em>(Clinica SOS Medica Mongolia)<\/em><br \/>\nTelefono: +976-11-464325<br \/>\nCellulare: +976-80005965<br \/>\nE-mail:\u00a0<a href=\"mailto:dr.urantuya@sosmedica.mn\">dr.urantuya@sosmedica.mn<\/a><\/p>\n<p>L\u2019Ambasciata rilascia una specifica attestazione che sostituisce temporaneamente il tagliando di convalida della patente per il periodo di permanenza all\u2019estero. L\u2019attestato di rinnovo pu\u00f2 essere spillato alla patente o custodito separatamente. Nel momento in cui si riacquista la residenza o la dimora in Italia si deve confermare la patente seguendo la normale procedura di rinnovo.<\/p>\n<p>La validit\u00e0 delle patenti italiane delle categorie \u201cA\u201d e \u201cB\u201d sono valide per dieci (10) anni.<br \/>\nPer chi ha superato il cinquantesimo (50) anno di et\u00e0 la validit\u00e0 della patente di guida italiana \u00e8 di cinque (5) anni. La patente speciale di guida delle categorie \u201cA\u201d e \u201cB\u201d rilasciate a mutilati e minorati fisici e quella della categoria \u201cC\u201d sono valide per cinque (5) anni e per tre (3) anni a partire dal settantesimo (70) anno di et\u00e0. La patente della categoria \u201cD\u201d \u00e8 valida per cinque (5) anni.<\/p>\n<p>Documentazione da presentare:<\/p>\n<p>1.\u00a0<a href=\"https:\/\/ambulaanbaatar.esteri.it\/wp-content\/uploads\/2025\/02\/Modulo_rinnovo_patente_di_guida_5-anni.pdf\">Domanda di rinnovo della patente di guida<\/a><\/p>\n<p>2.\u00a0<a href=\"https:\/\/ambulaanbaatar.esteri.it\/wp-content\/uploads\/2025\/02\/Certificato-medico-di-idoneita.pdf\">Certificato medico di idoneit\u00e0<\/a>\u00a0<em>(il costo per il rilascio \u00e8 a carico dell\u2019interessato)<\/em><\/p>\n<p>3. Patente da rinnovare\u00a0<em>(scaduta da non oltre tre anni, in buono stato di conservazione)<\/em><\/p>\n<p>4. Due foto recenti\u00a0<em>(di cui una apposta dal medico sul certificato di cui al punto 2.)<\/em><\/p>\n<p>5. Pagamento della tariffa consolare\u00a0<em>(un totale di 57 euro, di cui 16 euro per l\u2019imposta di bollo e 41 euro per la marca consolare (art.66D), pagati in moneta locale in base al tasso di ragguaglio trimestrale)<\/em><\/p>\n","protected":false},"excerpt":{"rendered":"L\u2019Ufficio Consolare dell\u2019Ambasciata d\u2019Italia a Ulaanbaatar in base al circolare del Ministero dei Trasporti n.107 del 14 ottobre 1997, provvede al rinnovo delle patenti di guida degli cittadini italiani iscritti AIRE (Anagrafe Italiani Residenti Estero) di questa Ambasciata da almeno SEI (6) MESI. Non \u00e8 invece possibile richiedere il rilascio della patente. La procedura non [&hellip;]","protected":false},"author":1,"featured_media":0,"parent":47,"menu_order":16,"comment_status":"closed","ping_status":"closed","template":"","meta":{"footnotes":""},"class_list":["post-74","page","type-page","status-publish","hentry"],"_links":{"self":[{"href":"https:\/\/ambulaanbaatar.esteri.it\/it\/wp-json\/wp\/v2\/pages\/74","targetHints":{"allow":["GET"]}}],"collection":[{"href":"https:\/\/ambulaanbaatar.esteri.it\/it\/wp-json\/wp\/v2\/pages"}],"about":[{"href":"https:\/\/ambulaanbaatar.esteri.it\/it\/wp-json\/wp\/v2\/types\/page"}],"author":[{"embeddable":true,"href":"https:\/\/ambulaanbaatar.esteri.it\/it\/wp-json\/wp\/v2\/users\/1"}],"replies":[{"embeddable":true,"href":"https:\/\/ambulaanbaatar.esteri.it\/it\/wp-json\/wp\/v2\/comments?post=74"}],"version-history":[{"count":4,"href":"https:\/\/ambulaanbaatar.esteri.it\/it\/wp-json\/wp\/v2\/pages\/74\/revisions"}],"predecessor-version":[{"id":3783,"href":"https:\/\/ambulaanbaatar.esteri.it\/it\/wp-json\/wp\/v2\/pages\/74\/revisions\/3783"}],"up":[{"embeddable":true,"href":"https:\/\/ambulaanbaatar.esteri.it\/it\/wp-json\/wp\/v2\/pages\/47"}],"wp:attachment":[{"href":"https:\/\/ambulaanbaatar.esteri.it\/it\/wp-json\/wp\/v2\/media?parent=74"}],"curies":[{"name":"wp","href":"https:\/\/api.w.org\/{rel}","templated":true}]}}