{"id":89,"date":"2023-04-11T18:22:07","date_gmt":"2023-04-11T16:22:07","guid":{"rendered":"https:\/\/ambasciatapraga.esteri.it\/?page_id=89"},"modified":"2025-01-22T18:14:43","modified_gmt":"2025-01-22T10:14:43","slug":"visti","status":"publish","type":"page","link":"https:\/\/ambulaanbaatar.esteri.it\/it\/servizi-consolari-e-visti\/servizi-per-il-cittadino-straniero\/visti\/","title":{"rendered":"Visti"},"content":{"rendered":"<p><strong>Visti<\/strong><\/p>\n<p><strong>AVVISI IMPORTANTI<\/strong><\/p>\n<ul>\n<li>Ogni richiedente deve\u00a0<strong>compilare e firmare il modulo di domanda per il visto<\/strong>ed \u00e8 responsabile anche per la veridicit\u00e0 e completezza della documentazione accessoria presentata. Si raccomanda inoltre di non condividere i propri dati personali a terzi.<\/li>\n<li>Ogni richiedente deve provvedere a <a href=\"https:\/\/www.consul.mn\/services\/6\">apostillare<\/a> e tradurre in italiano tutti gli atti di stato civile (come nascita, matrimonio, morte, etc.).<\/li>\n<li>A partire dal 1\u00b0 giugno 2024, i familiari stranieri di cittadini italiani\/UE che intendono ricongiungersi con il familiare stabilmente residente in Italia e che quindi si recheranno in Italia ai fini del \u201cricongiungimento familiare\u201d, dovranno richiedere un Visto Nazionale per motivi familiari (tipo \u201cD\u201d \u2013 365 gg \u2013 ingressi multipli). A tal fine non \u00e8 previsto il rilascio del nulla osta del SUI. Si fa presente che tale disposizione riguarda esclusivamente i familiari individuati all\u2019art. 2 del DL 30\/2007: coniuge, partner di unione registrata e discendenti diretti con meno di 21 anni o a carico \/ adottati \/ ascendenti diretti a carico (inclusi quelli del coniuge\/partner). Una volta giunti in Italia, i familiari dovranno fare richiesta del permesso di soggiorno per \u201cmotivi di famiglia\u201d entro 8 giorni lavorativi dall\u2019ingresso sul territorio nazionale.<\/li>\n<li style=\"list-style-type: none;\"><\/li>\n<\/ul>\n<p><a href=\"https:\/\/ambulaanbaatar.esteri.it\/wp-content\/uploads\/2024\/07\/Schengen-Visa-2024-EN-IT-ULAANBAATAR.pdf\"><strong>FORMULARIO VISTO SCHENGEN (FINO A 90 GIORNI)<\/strong><\/a><strong>\u00a0 &#8211; Il formulario \u00e8 gratis <\/strong><\/p>\n<p><a href=\"https:\/\/ambulaanbaatar.esteri.it\/wp-content\/uploads\/2023\/11\/formulario_visto_nazionale_ing-ita_nuovo_ok.pdf\"><strong>FORMULARIO VISTO NAZIONALE (PI\u00d9 DI 90 GIORNI)<\/strong><\/a> <strong>&#8211; Il formulario \u00e8 gratis<\/strong><\/p>\n<p>&nbsp;<\/p>\n<p><strong>VUOI ANDARE IN ITALIA? HAI BISOGNO DI UN VISTO!<\/strong><\/p>\n<p>Scopri qual \u00e8 il visto corretto in base alle tue esigenze. Informati su quali documenti preparare e dove poter presentare domanda di visto. Scopri come usare correttamente i differenti tipi di visto, quali sono i tuoi diritti e quali i tuoi doveri seguendo le indicazioni qui di seguito.<\/p>\n<ol>\n<li><strong>SCEGLI IL VISTO CORRETTO IN BASE ALLE TUE ESIGENZE E CONTROLLA QUALI SONO I DOCUMENTI NECESSARI. <\/strong><strong>VUOI ANDARE IN ITALIA PER\u2026<\/strong><\/li>\n<\/ol>\n<ul>\n<li><a href=\"https:\/\/ambulaanbaatar.esteri.it\/wp-content\/uploads\/2024\/10\/Tourism-checklist-12345-1.pdf\">Turismo<\/a><\/li>\n<li><a href=\"https:\/\/ambulaanbaatar.esteri.it\/wp-content\/uploads\/2024\/10\/Business-checklist-12345-1.pdf\">Affari<\/a><\/li>\n<li><a href=\"https:\/\/ambulaanbaatar.esteri.it\/wp-content\/uploads\/2024\/10\/Family-and-friends-visit-checklist-12345-1.pdf\">Visita a familiari e amici<\/a><\/li>\n<\/ul>\n<p>Per la documentazione di altre tipologie di visto, si prega di contattarci via <a href=\"mailto:mongolia.consolare@esteri.it\">mongolia.consolare@esteri.it<\/a><\/p>\n<p>Si consiglia di visitare il sito <a href=\"https:\/\/vistoperitalia.esteri.it\/\">https:\/\/vistoperitalia.esteri.it\/<\/a>, sito alternativo in cui \u00e8 indicata la documentazione richiesta per la tipologia di visto in questione.<\/p>\n<p>Si prega di utilizzare <a href=\"https:\/\/ambulaanbaatar.esteri.it\/wp-content\/uploads\/2024\/10\/Visa-under-18-consent-form.pdf\">il modulo Visa under 18 consent form<\/a> per i minori che viaggiano accompagnati da persone diverse dagli esercenti la potest\u00e0 genitoriale.<\/p>\n<ol start=\"2\">\n<li><strong> DATI BIOMETRICI (VISA INFORMATION SYSTEM)<\/strong><\/li>\n<\/ol>\n<p>I richiedenti devono presentarsi\u00a0di persona\u00a0al momento della domanda di visto per la consegna della documentazione e per depositare i dati biometrici. Si tratta di una procedura semplice e che richiede solo pochi minuti. Le informazioni sui dati biometrici saranno conservate per un massimo di 59 mesi.<\/p>\n<p>L\u2019esenzione dall\u2019obbligo di raccolta delle impronte digitali \u00e8 prevista per un numero limitato di richiedenti visto: bambini di et\u00e0 inferiore ai 12 anni e persone per le quali la raccolta delle impronte digitali \u00e8 fisicamente impossibile. Sono altres\u00ec esentati, in occasione di visite ufficiali, i Capi di Stato e i membri del Governo, assieme ai componenti della delegazione al seguito e ai coniugi.<\/p>\n<p>L\u2019Italia non richiede la raccolta dei dati biometrici per i visti nazionali (tipo \u201cD\u201d).<\/p>\n<ol start=\"3\">\n<li><strong> DOVE FARE DOMANDA DI VISTO IN MONGOLIA <\/strong><\/li>\n<\/ol>\n<p>Gli appuntamenti devono essere richiesti utilizzando il seguente link\u00a0<strong>:\u00a0<\/strong>\u00a0<a href=\"https:\/\/prenotami.esteri.it\/\">https:\/\/prenotami.esteri.it\/<\/a><\/p>\n<p>L\u2019Ufficio consolare \u00e8 aperto dal luned\u00ec al venerd\u00ec, dalle ore 9.30 alle ore 17.00 e gli appuntamenti vengono fissati per la mattina, dalle ore 9.30 alle ore 13.30. \u00c8 possibile accedere solamente a seguito di appuntamento confermato da parte dell\u2019Ambasciata; i richiedenti dovranno portare con s\u00e9 la stampa della conferma dell\u2019appuntamento che verr\u00e0 richiesta dagli addetti alla sicurezza sia all\u2019accesso al palazzo, sia all\u2019ingresso dell\u2019Ambasciata.<strong>\u00a0\u00a0 <\/strong><\/p>\n<p><strong>Indirizzo dell\u2019Ambasciata d\u2019Italia a Ulaanbaatar:<\/strong><\/p>\n<p><strong>ICC tower, 14th floor<br \/>\nJamiyan Gun\u2019s street, 9<br \/>\n1st khoroo, Sukhbaatar district<br \/>\nUlaanbaatar, 14240, Mongolia<\/strong><\/p>\n<p>Telefono:\u00a0\u00a0\u00a0\u00a0\u00a0\u00a0\u00a0 <strong>+976 7555 1723, +976 7555 1724<\/strong><\/p>\n<p>E-mail:\u00a0\u00a0\u00a0\u00a0\u00a0\u00a0\u00a0\u00a0\u00a0\u00a0\u00a0 <a href=\"mailto:mongolia.consolare@esteri.it\">mongolia.consolare@esteri.it<\/a><\/p>\n<ol start=\"4\">\n<li><strong> CHI PU\u00d2 FARE DOMANDA DI VISTO<\/strong><\/li>\n<\/ol>\n<p>Possono presentare domanda di visto, sia Nazionale (tipo D) che Schengen (tipo C), esclusivamente i cittadini mongoli. Possono altres\u00ec presentare domanda di visto Nazionale (D) e Schengen\u00a0(C) i cittadini di quei Paesi per cui \u00e8 previsto l\u2019obbligo di visto (controlla\u00a0<a href=\"https:\/\/www.esteri.it\/it\/servizi-consolari-e-visti\/ingressosoggiornoinitalia\/visto_ingresso\/paesi_soggetti_visto\/\"><strong>qu<\/strong>i<\/a> per conoscere per quali Paesi \u00e8 necessario) e che siano regolarmente residenti in Mongolia.<\/p>\n<p><strong>Titolari di passaporto Diplomatico della Mongolia<\/strong><\/p>\n<p>In base all\u2019accordo bilaterale, tutti i cittadini mongoli titolari di passaporti diplomatici sono esentati dall\u2019obbligo di visto per un soggiorno massimo di 90 giorni nell\u2019arco di ogni 180 giorni.<\/p>\n<p><strong>Familiari di cittadini dell\u2019Unione Europea\/EEA<\/strong><\/p>\n<p>La normativa (Direttiva 2004\/38\/CE e D. Lgs. 30\/2007) prevede agevolazioni per i familiari dei cittadini dell\u2019UE\/EEA.<\/p>\n<p>Presso l\u2019ufficio visti dell\u2019Ambasciata d\u2019Italia \u00e8 aperto uno sportello dedicato ai familiari di cittadini dell\u2019UE\/EEA (limitatamente a quelli identificati come tali dalla Direttiva 2004\/38\/CE\u00a0<a href=\"http:\/\/eur-lex.europa.eu\/LexUriServ\/LexUriServ.do?uri=OJ:L:2004:158:0077:0123:en:PDF\">link<\/a>), ove \u00e8 possibile recarsi senza necessit\u00e0 di appuntamento nei giorni di apertura dell\u2019Ambasciata, dalle ore 11.30 alle ore 12.00. Al fine di dimostrare la propria relazione di parentela, \u00e8 obbligatorio venire muniti di documento di identit\u00e0 e \u2013 a seconda dei casi \u2013 di certificato di matrimonio, parentela o nascita.<\/p>\n<p>In base alla normativa, per i congiunti di cittadini dell\u2019UE\/EEA sono previste facilitazioni documentali; si prega dunque di utilizzare la seguente\u00a0<a href=\"https:\/\/ambulaanbaatar.esteri.it\/wp-content\/uploads\/2024\/10\/Tourism-checklist-12345-1.pdf\"><strong><u>checklist<\/u><\/strong><\/a> per turismo e la seguente\u00a0<a href=\"https:\/\/ambulaanbaatar.esteri.it\/wp-content\/uploads\/2024\/10\/EU-Family-reunion-checklist-12345-1.pdf\"><strong><u>checklist<\/u><\/strong><\/a> in caso di ricongiungimento familiare (ai richiedenti visto per ricongiungimento familiare con cittadini dell\u2019UE\/EEA verr\u00e0 rilasciato un visto turistico Schengen di breve durata, che una volta in Italia sar\u00e0 possibile convertire in permesso di soggiorno presso la competente Questura).<\/p>\n<p>Per sapere se in base al proprio grado di parentela \u00e8 prevista la gratuit\u00e0 del visto, si prega di controllare l\u2019apposita sezione in fondo a questa pagina.<\/p>\n<p><strong>5 . QUANDO CHIEDERE UN VISTO SCHENGEN ALLA RAPPRESENTANZA DIPLOMATICA ITALIANA<\/strong><\/p>\n<p>I richiedenti visto Schengen possono fare richiesta all\u2019Ambasciata d\u2019Italia:<\/p>\n<ol>\n<li>quando l\u2019Italia \u00e8 l\u2019unico Paese destinazione del viaggio;<\/li>\n<li>qualora il viaggio interessa pi\u00f9 di un Paese Schengen e\u00a0l\u2019Italia \u00e8 la destinazione principale del viaggio in termini di durata o di finalit\u00e0 del soggiorno;<\/li>\n<li>se la destinazione principale non pu\u00f2 essere determinata in base ai criteri dei punti 1) e 2), quando l\u2019Italia \u00e8 il Paese attraverso le cui frontiere esterne il richiedente intende entrare in area Schengen.<\/li>\n<\/ol>\n<ol start=\"6\">\n<li><strong> QUANTO COSTA UN VISTO? E come pagare.<\/strong><\/li>\n<\/ol>\n<p>Il pagamento per il visto non \u00e8 rimborsabile, salvo in caso di riscossione errata da parte dell&#8217;operatore allo sportello.<\/p>\n<p>L\u2019importo da pagare per il visto, in MNT, \u00e8 legato al \u201cCambio Consolare Trimestrale\u201d \u2013 come da<strong>\u00a0<\/strong><a href=\"https:\/\/ambulaanbaatar.esteri.it\/it\/servizi-consolari-e-visti\/servizi-per-il-cittadino-straniero\/visti\/costo-del-visto\/\"><strong>tabella<\/strong><\/a><strong>\u00a0<\/strong>\u2013 e subisce variazioni alla fine di ogni trimestre<strong>. <\/strong>Il pagamento viene effettuato presso lo sportello dell\u2019Ambasciata all\u2019atto della presentazione della domanda<\/p>\n<p><strong>VISTI NAZIONALI<\/strong>: 116 euro \/\u00a0<strong>VISTI NAZIONALI PER STUDIO:<\/strong>\u00a050 euro<\/p>\n<p><strong>VISTI SCHENGEN (TIPO C)<\/strong>: 90 euro \u2013 pagamento in MNT<\/p>\n<p>\u2013 per i minori di et\u00e0 compresa tra 6 e 12 anni: 45 euro \u2013 pagamento in MNT.<\/p>\n<p>\u2013 i cittadini di Paesi con cui l\u2019Unione Europea ha siglato accordi di facilitazione dei visti: 35 euro (pagamento in MNT). Per conoscere la lista dei Paesi in questione \u00e8 possibile consultare il sito della Commissione Europea alla seguente\u00a0<a href=\"https:\/\/ec.europa.eu\/home-affairs\/what-we-do\/policies\/international-affairs\/eastern-partnership\/mobility-partnerships-visa-facilitation-and-readmission-agreements_en\"><strong>pagina<\/strong><\/a>.<\/p>\n<p>Per verificare l\u2019importo da pagare in MNT, al tasso di cambio attuale, consultare la seguente\u00a0<a href=\"https:\/\/ambulaanbaatar.esteri.it\/it\/servizi-consolari-e-visti\/servizi-per-il-cittadino-straniero\/visti\/costo-del-visto\/\"><strong>tabella<\/strong><\/a>.<\/p>\n<p>I diritti per i visti NON vengono riscossi per i richiedenti appartenenti a una delle categorie seguenti:<\/p>\n<ul>\n<li>minori di et\u00e0 inferiore ai sei anni;<\/li>\n<li>alunni, studenti, studenti gi\u00e0 laureati e insegnanti accompagnatori che intraprendono soggiorni per motivi di studio o formazione pedagogica;<\/li>\n<li>ricercatori di paesi terzi che si spostano a fini di ricerca scientifica ai sensi della raccomandazione 2005\/761\/CE del Parlamento europeo e del Consiglio, del 28 settembre 2005, diretta a facilitare il rilascio, da parte degli Stati membri, di visti uniformi di soggiorno di breve durata per i ricercatori di paesi terzi che si spostano nella Comunit\u00e0 a fini di ricerca scientifica;<\/li>\n<li>rappresentanti di organizzazioni senza fini di lucro di et\u00e0 non superiore ai venticinque anni che partecipano a seminari, conferenze, manifestazioni sportive, culturali o educative organizzati da organizzazioni senza fini di lucro.<\/li>\n<li>I seguenti familiari di cittadini UE\/EEA, quando accompagnano o raggiungono il cittadino UE\/EEA, cos\u00ec come identificati dalla Direttiva 2004\/38\/CE e dal D Lgs 30\/2007:<\/li>\n<\/ul>\n<p>1) il coniuge;<\/p>\n<p>2) il partner che abbia contratto con il cittadino dell\u2019Unione un\u2019unione registrata sulla base della legislazione di uno Stato membro, qualora la legislazione dello Stato membro ospitante equipari l\u2019unione registrata al matrimonio e nel rispetto delle condizioni previste dalla pertinente legislazione dello Stato membro ospitante;<\/p>\n<p>3) i discendenti diretti di et\u00e0 inferiore a 21 anni o a carico e quelli del coniuge o partner;<\/p>\n<p>4) gli ascendenti diretti (genitori, nonni) a carico e quelli del coniuge o partner (suoceri).<\/p>\n<ol start=\"7\">\n<li><strong> TEMPISTICHE DI LAVORAZIONE DELLE DOMANDE DI VISTO<\/strong><\/li>\n<\/ol>\n<p>Per i Visti Schengen (tipo \u201cC\u201d) la normativa prevede un tempo massimo di trattazione di 15 giorni, estendibile a 45 giorni qualora necessario (art. 23 del Codice Visti Schengen), mentre per i Visti Nazionali (tipo \u201cD\u201d) i tempi di trattazione \u2013 generalmente di 90 giorni \u2013 sono ridotti a 30 giorni per i visti per motivi familiari e lavoro subordinato, ed estesi sino ai 120 giorni per lavoro autonomo.<\/p>\n<p>Si invitano i richiedenti a fare domanda di visto con debito anticipo rispetto alla data di partenza prevista (almeno 15 giorni prima della partenza). La domanda di visto pu\u00f2 essere presentata al massimo sei mesi prima della partenza prevista. \u00c8 inoltre necessario prestare attenzione alla scadenza del proprio passaporto, che determina la data di validit\u00e0 massima del visto.<\/p>\n<ol start=\"8\">\n<li><strong> INFORMAZIONI UTILI<\/strong><\/li>\n<\/ol>\n<p><strong>L\u2019ottenimento del visto non d\u00e0 automaticamente diritto all\u2019ingresso dell\u2019area Schengen<\/strong><\/p>\n<p>Si attira l\u2019attenzione dei richiedenti visto sul fatto che il possesso di un visto non conferisce automaticamente il diritto di ingresso nell\u2019area Schengen e che ai titolari di un visto pu\u00f2 essere richiesto, una volta arrivati alla frontiera esterna dell\u2019area Schengen o in occasione di altri controlli, di fornire informazioni circa i mezzi di sostentamento, sulla durata del soggiorno previsto in area Schengen e sullo scopo del viaggio.<\/p>\n<p>Si raccomanda di portare con s\u00e9 copia dei documenti presentati in fase di domanda di visto (quali ad esempio, lettere di invito, prenotazioni alberghiere e aeree o altri documenti atti a dimostrare lo scopo del viaggio). Per maggiori informazioni, si veda l\u2019art. 5 del Codice delle Frontiere Schengen (<a href=\"http:\/\/eur-lex.europa.eu\/legal-content\/IT\/TXT\/PDF\/?uri=CELEX:32006R0562&amp;from=IT\">link<\/a>).<\/p>\n<p><strong>Cosa succede in caso di rifiuto del visto<\/strong><\/p>\n<p>Eventuali decisioni negative relative alle domande di visto saranno notificate al richiedente e nel provvedimento di rifiuto sono indicati i motivi. Il richiedente la cui domanda \u00e8 stata rifiutata ha diritto di presentare nuova domanda di visto, integrando eventuali documenti mancanti, ovvero di proporre ricorso. Eventuali ricorsi devono essere presentati al T.A.R. del Lazio, con l\u2019assistenza di un legale, entro 60 giorni dalla notifica del provvedimento di rifiuto. Il ricorso deve essere notificato, a pena di nullit\u00e0 (in base all\u2019art. 144 del C.P.C. e all\u2019art. 11 del R.D. n. 1611 del 1933), alla competente Avvocatura dello Stato.<\/p>\n<p>Solo per i visti per motivi familiari il ricorso va presentato al Tribunale ordinario del luogo di residenza del richiedente in Italia.<\/p>\n<p><strong>Come utilizzare correttamente un visto Schengen (Tipo C)<\/strong><\/p>\n<p>Il visto Schengen d\u00e0 diritto a circolare nei Paesi dell\u2019area Schengen. \u00c8 possibile rimanere in area Schengen solamente per il numero di giorni indicati sul visto, che va utilizzato esclusivamente nel lasso temporale indicato \u201cdal\u201d \u201cal\u201d. La dicitura \u201cDurata del soggiorno \u2026 giorni\u201d indica il numero di giorni che \u00e8 possibile trascorrere nell\u2019area Schengen, a partire dalla data in cui si fa ingresso nel territorio Schengen (da contare sulla base dei timbri di ingresso e uscita). Il lasso temporale indicato \u201cDa\u2026a\u2026\u201d pu\u00f2 essere pi\u00f9 lungo rispetto alla \u201cDurata del soggiorno\u201d al fine di consentire una certa flessibilit\u00e0. Tuttavia non \u00e8 possibile rimanere in area Schengen pi\u00f9 giorni rispetto a quelli indicati sotto la voce \u201cDurata del soggiorno\u2026giorni\u201d. Inoltre non \u00e8 possibile soggiornare oltre la data indicata alla voce \u201cFino al\u201d.<\/p>\n<p>Il numero di ingressi concessi pu\u00f2 essere: uno, due o multipli. Quanti hanno necessit\u00e0 di recarsi frequentemente in area Schengen possono richiedere visti ad ingressi multipli pluriennali.<\/p>\n<p>Si ricorda ai possessori di visti ad ingressi multipli che in base alla normativa \u00e8 possibile rimanere all\u2019interno dell\u2019area Schengen per un massimo di 90 giorni ogni 180 giorni.<\/p>\n<p>Al fine di evitare \u201coverstay\u201d e per sapere quanti giorni rimangono a disposizione rispetto a quelli gi\u00e0 utilizzati, \u00e8 possibile utilizzare (a titolo indicativo) il sistema di calcolo approntato dalla Commissione europea cliccando\u00a0<a href=\"http:\/\/ec.europa.eu\/dgs\/home-affairs\/what-we-do\/policies\/borders-and-visas\/border-crossing\/schengen_calculator_en.html\">qui<\/a>.<\/p>\n<p><strong>Come utilizzare correttamente un Visto Nazionale italiano (Tipo D)<\/strong><\/p>\n<p>Una volta giunti in Italia con un visto nazionale italiano, \u00e8 necessario recarsi\u00a0<u>entro 8 giorni lavorativi<\/u>\u00a0presso la competente\u00a0<u>Questura<\/u>\u00a0della Provincia ove si intende risiedere per\u00a0<u>fare richiesta di Permesso di soggiorno<\/u>. La durata del Permesso di soggiorno sar\u00e0 corrispondente a quella indicata sul visto. Il Permesso di soggiorno dovr\u00e0 essere rinnovato direttamente in Italia. Per individuare la Questura competente si invita a controllare il seguente\u00a0<a href=\"http:\/\/questure.poliziadistato.it\/\">sito<\/a>.<\/p>\n<p><strong>Ulteriori informazioni<\/strong><\/p>\n<p>Per ogni ulteriore informazione \u00e8 possibile consultare direttamente il sito del\u00a0<a href=\"http:\/\/vistoperitalia.esteri.it\/home.aspx\">Ministero degli Esteri e della Cooperazione Internazionale\u00a0<\/a>e il sito della\u00a0<a href=\"https:\/\/ec.europa.eu\/home-affairs\/policies\/schengen-borders-and-visa_en\">Commissione europea<\/a>.<\/p>\n<p><strong>Protezione delle persone fisiche con riguardo al trattamento dei dati personali ai fini del rilascio di un visto d\u2019ingresso in Italia e nell\u2019area Schengen:<\/strong><\/p>\n<p><a href=\"https:\/\/eur-lex.europa.eu\/legal-content\/IT\/TXT\/?uri=uriserv:OJ.L_.2016.119.01.0001.01.ITA\">Regolamento Generale sulla Protezione dei Dati (UE) 2016\/679<\/a><\/p>\n<p><a href=\"https:\/\/ambulaanbaatar.esteri.it\/wp-content\/uploads\/2024\/09\/Informativa.docx\">Informativa<\/a><\/p>\n","protected":false},"excerpt":{"rendered":"Visti AVVISI IMPORTANTI Ogni richiedente deve\u00a0compilare e firmare il modulo di domanda per il vistoed \u00e8 responsabile anche per la veridicit\u00e0 e completezza della documentazione accessoria presentata. Si raccomanda inoltre di non condividere i propri dati personali a terzi. Ogni richiedente deve provvedere a apostillare e tradurre in italiano tutti gli atti di stato civile [&hellip;]","protected":false},"author":1,"featured_media":0,"parent":48,"menu_order":0,"comment_status":"closed","ping_status":"closed","template":"","meta":{"footnotes":""},"class_list":["post-89","page","type-page","status-publish","hentry"],"_links":{"self":[{"href":"https:\/\/ambulaanbaatar.esteri.it\/it\/wp-json\/wp\/v2\/pages\/89","targetHints":{"allow":["GET"]}}],"collection":[{"href":"https:\/\/ambulaanbaatar.esteri.it\/it\/wp-json\/wp\/v2\/pages"}],"about":[{"href":"https:\/\/ambulaanbaatar.esteri.it\/it\/wp-json\/wp\/v2\/types\/page"}],"author":[{"embeddable":true,"href":"https:\/\/ambulaanbaatar.esteri.it\/it\/wp-json\/wp\/v2\/users\/1"}],"replies":[{"embeddable":true,"href":"https:\/\/ambulaanbaatar.esteri.it\/it\/wp-json\/wp\/v2\/comments?post=89"}],"version-history":[{"count":7,"href":"https:\/\/ambulaanbaatar.esteri.it\/it\/wp-json\/wp\/v2\/pages\/89\/revisions"}],"predecessor-version":[{"id":3593,"href":"https:\/\/ambulaanbaatar.esteri.it\/it\/wp-json\/wp\/v2\/pages\/89\/revisions\/3593"}],"up":[{"embeddable":true,"href":"https:\/\/ambulaanbaatar.esteri.it\/it\/wp-json\/wp\/v2\/pages\/48"}],"wp:attachment":[{"href":"https:\/\/ambulaanbaatar.esteri.it\/it\/wp-json\/wp\/v2\/media?parent=89"}],"curies":[{"name":"wp","href":"https:\/\/api.w.org\/{rel}","templated":true}]}}